{"id":1567,"date":"2023-02-18T20:43:59","date_gmt":"2023-02-18T20:43:59","guid":{"rendered":"https:\/\/leenakurikka.fi\/?page_id=1567"},"modified":"2023-02-27T07:30:32","modified_gmt":"2023-02-27T07:30:32","slug":"leena","status":"publish","type":"page","link":"https:\/\/leenakurikka.fi\/index.php\/leena\/","title":{"rendered":"Leenan tarina"},"content":{"rendered":"\n<div class=\"wp-block-uagb-container uagb-block-8b56ee47 default uagb-is-root-container\">\n<div class=\"wp-block-uagb-container uagb-block-556e85b0\">\n<div class=\"wp-block-uagb-container uagb-block-16abf894 alignfull uagb-is-root-container\"><div class=\"uagb-container-inner-blocks-wrap\">\n<div class=\"wp-block-uagb-container uagb-block-dc7a6162 alignfull uagb-is-root-container\"><div class=\"uagb-container-inner-blocks-wrap\">\n<p>Olen syntynyt Kurikassa. Perhe muutti Sein\u00e4joelle, kun olin pieni ja olen k\u00e4ynyt koulut Sein\u00e4joella. Lukioaikana vietin yhden vuoden AFS-vaihto-oppilaana USA:ssa. Valmistuin toimittajaksi Tampereen yliopistosta ja olen ty\u00f6skennellyt toimittajana Ilkassa, MTV:n kymmenen uutisissa, Radio Paitapiiskassa ja Rytmiradio Lahdessa. Nykyisin teen juttuja Kurikka-lehteen, JP-Kunnallissanomiin ja Suomen Uutisiin. Freelancerina olen tehnyt juttuja erikoisaikakausi- ja harrastelehtiin kuten Ase ja Er\u00e4, Harley Davidson, Hippos, Satulassa, Hevoset ja Ratsastus ja Hevoshullu. Viidentoista vuoden ajan julkaisin ja kustansin omaa Hevospolku -lehte\u00e4.<\/p>\n\n\n\n<p>Kurikan ja Sein\u00e4joen lis\u00e4ksi olen asunut Helsingiss\u00e4, Tampereella, Lahdessa, \u00c4ht\u00e4riss\u00e4 ja eri puolilla USA:ta. Nyt koti on Sein\u00e4joella, K\u00e4rjess\u00e4. El\u00e4imet ovat aina olleet minulle t\u00e4rkeit\u00e4 ja nuorena opetin kes\u00e4t ratsastusta ja hevostaitoja muun muassa Harmaakiven Puutarha ja Ratsutallilla Veteliss\u00e4 sek\u00e4 4H:n j\u00e4rjest\u00e4mill\u00e4 leireill\u00e4 Vimpeliss\u00e4 ja Alaj\u00e4rvell\u00e4.<\/p>\n<\/div><\/div>\n\n\n\n<figure class=\"wp-block-image size-large\"><img loading=\"lazy\" decoding=\"async\" width=\"753\" height=\"1024\" src=\"https:\/\/leenakurikka.fi\/wp-content\/uploads\/2023\/02\/leenasyva-753x1024.png\" alt=\"\" class=\"wp-image-1540\" srcset=\"https:\/\/leenakurikka.fi\/wp-content\/uploads\/2023\/02\/leenasyva-753x1024.png 753w, https:\/\/leenakurikka.fi\/wp-content\/uploads\/2023\/02\/leenasyva-221x300.png 221w, https:\/\/leenakurikka.fi\/wp-content\/uploads\/2023\/02\/leenasyva-768x1044.png 768w, https:\/\/leenakurikka.fi\/wp-content\/uploads\/2023\/02\/leenasyva.png 945w\" sizes=\"auto, (max-width: 753px) 100vw, 753px\" \/><\/figure>\n<\/div><\/div>\n<\/div>\n<\/div>\n\n\n\n<p>Oma hevostila minulla oli parikymment\u00e4 vuotta. Sit\u00e4 ei minulla en\u00e4\u00e4 ole, mutta maata on edelleen pari hehtaaria viljelyksess\u00e4. Pelloilta tulee pikkutalleille kuivahein\u00e4\u00e4 ja lintujen ruokkijoille kauraa. Toimin vuosia lehtikirjoittamisen ja hevostilan pidon ohessa hevoskouluttajana ja minut tunnetaan hevoskuiskaajana. Olen kirjoittanut kirjan Hevosesta \u2013 k\u00e4yt\u00e4nn\u00f6n psykologiaa arkeen. Olen luonnollisen hevostaidon ja l\u00e4nnenratsastuksen pioneereja Suomessa. Oppia olen saanut alan mestareilta USA:ssa. Olen opiskellut my\u00f6s homeopatiaa ja j\u00e4senkorjausta.<\/p>\n\n\n\n<p>Politiikkaan l\u00e4hdin mukaan toistakymment\u00e4 vuotta sitten koska halusin saada aikaan muutoksia parempaan. Olin ensin kokoomuksessa, mutta siell\u00e4 sukset meniv\u00e4t ristiin energia-asioissa. Kokoomus halusi ajaa turpeen alas, mit\u00e4 en voinut hyv\u00e4ksy\u00e4. Itsekin k\u00e4ytin turvetta kuivikkeena hevosille ja koko tilani l\u00e4mpeni turpeella ja puulla. Kokoomus alkoi my\u00f6s ajaa kaikkialle tuulivoimaloita, toinen asia mit\u00e4 en voinut hyv\u00e4ksy\u00e4. Erosin kokoomuksesta ja mietin muutaman kuukauden liitynk\u00f6 kristillisdemokraatteihin vai perussuomalaisiin. <\/p>\n\n\n\n<p>Perussuomalaiset voitti. Olin jo vuosia k\u00e4ynyt perussuomalaisten puoluetoimistolla, jossa kokoontui perussuomalaisten ty\u00f6mies Matti Putkosen kokoama Tuulivoimaloiden infra\u00e4\u00e4nist\u00e4 ja rakennetun ymp\u00e4rist\u00f6n sis\u00e4ilmasta sairastuneiden ty\u00f6ryhm\u00e4. Perussuomalaiset on ainoa puolue, joka on yritt\u00e4nyt auttaa sis\u00e4ilmasta tai tuulivoimaloista k\u00e4rsivi\u00e4.<\/p>\n\n\n\n<p>Tuulivoimaloita vastaan olen taistellut siit\u00e4 l\u00e4htien, kun tajusin miten r\u00f6yhke\u00e4\u00e4 ja l\u00e4pin\u00e4kym\u00e4t\u00f6nt\u00e4 toiminta niiden ymp\u00e4rill\u00e4 on. Olen mukana Tuulivoima-Kansalaisyhdistyksen hallituksessa ja olen Suomen Ymp\u00e4rist\u00f6terveys SYTe ry:n perustajaj\u00e4sen.<\/p>\n\n\n\n<p>Hevosia minulla ei nyt ole, mutta koira on. Sen kanssa ulkoilen ja se on yleens\u00e4 mukana etupenkill\u00e4, kun k\u00e4yn asioilla. El\u00e4imet tuovat valtavasti iloa! Kuuntelen musiikkia paljon, varsinkin klassista. Tykk\u00e4\u00e4n my\u00f6s kansanmusiikista, jazzista, vanhasta suomalaisesta iskelm\u00e4musiikista, rokista ja jopa hevist\u00e4. Joka aamu kuuntelen hartaat s\u00e4velet ja aamuhartauden ja iltaisin vastaavat. Kristillisyys on hyv\u00e4 perusarvo ja toivon, ett\u00e4 Suomi saa pysy\u00e4 kristillisen\u00e4.<\/p>\n\n\n\n<p>Olen innokas lukija ja kirjahyllyni saa lis\u00e4\u00e4 sis\u00e4lt\u00f6\u00e4 l\u00e4hes viikoittain. Pyrin k\u00e4ym\u00e4\u00e4n konserteissa, teattereissa ja taiden\u00e4yttelyiss\u00e4. Kulttuuri tarjoaa vankan pohjan sivistykselle ja ihmisyydelle. Se my\u00f6s tarjoaa hetki\u00e4, jotka kohottavat meid\u00e4t arjesta korkeammalle.<\/p>\n\n\n\n<div class=\"wp-block-uagb-container uagb-block-b0b35344 alignfull uagb-is-root-container\"><div class=\"uagb-container-inner-blocks-wrap\">\n<div class=\"wp-block-uagb-container uagb-block-5ae746ef\">\n<ul class=\"wp-block-list\">\n<li>Etel\u00e4-Pohjanmaan Perusnaiset ry:n puheenjohtaja<\/li>\n\n\n\n<li>Perussuomalaiset Naiset ry:n toinen puheenjohtaja<\/li>\n\n\n\n<li>Etel\u00e4-Pohjanmaan musiikkiopiston kannatusyhti\u00f6n hallituksen j\u00e4sen<\/li>\n\n\n\n<li>Etel\u00e4-Pohjanmaan pelastuslaitoksen johtokunnan varaj\u00e4sen<\/li>\n\n\n\n<li>Etel\u00e4-Pohjanmaan hyvinvointialueen yksil\u00f6jaoston varaj\u00e4sen<\/li>\n\n\n\n<li>Tuulivoima-Kansalaisyhdistyksen hallituksen j\u00e4sen<\/li>\n\n\n\n<li>Suomen Ymp\u00e4rist\u00f6terveys SYTe ry:n perustajaj\u00e4sen<\/li>\n<\/ul>\n<\/div>\n\n\n\n<div class=\"wp-block-uagb-container uagb-block-d5be7bcd\">\n<figure class=\"wp-block-image size-medium\"><img loading=\"lazy\" decoding=\"async\" width=\"300\" height=\"165\" src=\"https:\/\/leenakurikka.fi\/wp-content\/uploads\/2023\/02\/PerussNaiset_logo_rgb_web-300x165.jpg\" alt=\"\" class=\"wp-image-1637\" srcset=\"https:\/\/leenakurikka.fi\/wp-content\/uploads\/2023\/02\/PerussNaiset_logo_rgb_web-300x165.jpg 300w, https:\/\/leenakurikka.fi\/wp-content\/uploads\/2023\/02\/PerussNaiset_logo_rgb_web-768x423.jpg 768w, https:\/\/leenakurikka.fi\/wp-content\/uploads\/2023\/02\/PerussNaiset_logo_rgb_web.jpg 800w\" sizes=\"auto, (max-width: 300px) 100vw, 300px\" \/><\/figure>\n<\/div>\n<\/div><\/div>\n","protected":false},"excerpt":{"rendered":"<p>Oma hevostila minulla oli parikymment\u00e4 vuotta. Sit\u00e4 ei minulla en\u00e4\u00e4 ole, mutta maata on edelleen pari hehtaaria viljelyksess\u00e4. Pelloilta tulee pikkutalleille kuivahein\u00e4\u00e4 ja lintujen ruokkijoille kauraa. Toimin vuosia lehtikirjoittamisen ja hevostilan pidon ohessa hevoskouluttajana ja minut tunnetaan hevoskuiskaajana. Olen kirjoittanut kirjan Hevosesta \u2013 k\u00e4yt\u00e4nn\u00f6n psykologiaa arkeen. Olen luonnollisen hevostaidon ja l\u00e4nnenratsastuksen pioneereja Suomessa. Oppia olen &hellip;<\/p>\n<p class=\"read-more\"> <a class=\"\" href=\"https:\/\/leenakurikka.fi\/index.php\/leena\/\"> <span class=\"screen-reader-text\">Leenan tarina<\/span> Lue lis\u00e4\u00e4 &raquo;<\/a><\/p>\n","protected":false},"author":1,"featured_media":0,"parent":0,"menu_order":0,"comment_status":"closed","ping_status":"closed","template":"","meta":{"_uag_custom_page_level_css":"","site-sidebar-layout":"default","site-content-layout":"default","ast-global-header-display":"","ast-main-header-display":"","ast-hfb-above-header-display":"","ast-hfb-below-header-display":"","ast-hfb-mobile-header-display":"","site-post-title":"","ast-breadcrumbs-content":"","ast-featured-img":"","footer-sml-layout":"","theme-transparent-header-meta":"","adv-header-id-meta":"","stick-header-meta":"","header-above-stick-meta":"","header-main-stick-meta":"","header-below-stick-meta":"","footnotes":""},"class_list":["post-1567","page","type-page","status-publish","hentry"],"uagb_featured_image_src":{"full":false,"thumbnail":false,"medium":false,"medium_large":false,"large":false,"1536x1536":false,"2048x2048":false},"uagb_author_info":{"display_name":"admin","author_link":"https:\/\/leenakurikka.fi\/index.php\/author\/leenakurikka\/"},"uagb_comment_info":0,"uagb_excerpt":"Oma hevostila minulla oli parikymment\u00e4 vuotta. Sit\u00e4 ei minulla en\u00e4\u00e4 ole, mutta maata on edelleen pari hehtaaria viljelyksess\u00e4. Pelloilta tulee pikkutalleille kuivahein\u00e4\u00e4 ja lintujen ruokkijoille kauraa. Toimin vuosia lehtikirjoittamisen ja hevostilan pidon ohessa hevoskouluttajana ja minut tunnetaan hevoskuiskaajana. Olen kirjoittanut kirjan Hevosesta \u2013 k\u00e4yt\u00e4nn\u00f6n psykologiaa arkeen. Olen luonnollisen hevostaidon ja l\u00e4nnenratsastuksen pioneereja Suomessa. Oppia olen&hellip;","_links":{"self":[{"href":"https:\/\/leenakurikka.fi\/index.php\/wp-json\/wp\/v2\/pages\/1567","targetHints":{"allow":["GET"]}}],"collection":[{"href":"https:\/\/leenakurikka.fi\/index.php\/wp-json\/wp\/v2\/pages"}],"about":[{"href":"https:\/\/leenakurikka.fi\/index.php\/wp-json\/wp\/v2\/types\/page"}],"author":[{"embeddable":true,"href":"https:\/\/leenakurikka.fi\/index.php\/wp-json\/wp\/v2\/users\/1"}],"replies":[{"embeddable":true,"href":"https:\/\/leenakurikka.fi\/index.php\/wp-json\/wp\/v2\/comments?post=1567"}],"version-history":[{"count":6,"href":"https:\/\/leenakurikka.fi\/index.php\/wp-json\/wp\/v2\/pages\/1567\/revisions"}],"predecessor-version":[{"id":1656,"href":"https:\/\/leenakurikka.fi\/index.php\/wp-json\/wp\/v2\/pages\/1567\/revisions\/1656"}],"wp:attachment":[{"href":"https:\/\/leenakurikka.fi\/index.php\/wp-json\/wp\/v2\/media?parent=1567"}],"curies":[{"name":"wp","href":"https:\/\/api.w.org\/{rel}","templated":true}]}}