{"id":1558,"date":"2023-02-18T20:06:21","date_gmt":"2023-02-18T20:06:21","guid":{"rendered":"https:\/\/leenakurikka.fi\/?page_id=1558"},"modified":"2023-03-08T10:12:28","modified_gmt":"2023-03-08T10:12:28","slug":"leena-kurikka","status":"publish","type":"page","link":"https:\/\/leenakurikka.fi\/","title":{"rendered":"Leena Kurikka"},"content":{"rendered":"\n<div class=\"wp-block-uagb-container uagb-block-fd110b3e alignfull uagb-is-root-container\"><div class=\"uagb-container-inner-blocks-wrap\">\n<div class=\"wp-block-uagb-image aligncenter uagb-block-cd3fc2c5 wp-block-uagb-image--layout-default wp-block-uagb-image--effect-static wp-block-uagb-image--align-center\"><figure class=\"wp-block-uagb-image__figure\"><img decoding=\"async\" srcset=\"https:\/\/leenakurikka.fi\/wp-content\/uploads\/2023\/03\/bannerinro.png \" src=\"https:\/\/leenakurikka.fi\/wp-content\/uploads\/2023\/03\/bannerinro.png\" alt=\"\" class=\"uag-image-1658\" title=\"\" loading=\"lazy\"\/><\/figure><\/div>\n<\/div><\/div>\n\n\n\n<div class=\"wp-block-uagb-container uagb-block-cb13e0b3 alignfull uagb-is-root-container\"><div class=\"uagb-container-inner-blocks-wrap\">\n<div class=\"wp-block-uagb-container uagb-block-098accd1\">\n<figure class=\"wp-block-pullquote has-medium-font-size\"><blockquote><p>Oletko huolissasi Suomen t\u00e4m\u00e4nhetkisest\u00e4 tilanteesta? Min\u00e4 olen. Moni asia voitaisiin korjata kuntoon. Vaikuta ja \u00e4\u00e4nest\u00e4 kev\u00e4\u00e4n eduskuntavaaleissa. Voimme yhdess\u00e4 muuttaa asioita paremmiksi.<\/p><\/blockquote><\/figure>\n<\/div>\n\n\n\n<div class=\"wp-block-uagb-container uagb-block-5ca29b11\">\n<figure class=\"wp-block-image size-large\"><img loading=\"lazy\" decoding=\"async\" width=\"1024\" height=\"1024\" src=\"https:\/\/leenakurikka.fi\/wp-content\/uploads\/2023\/02\/PelastaPyoreaKeltainenRGB-1-1024x1024.png\" alt=\"\" class=\"wp-image-1623\" srcset=\"https:\/\/leenakurikka.fi\/wp-content\/uploads\/2023\/02\/PelastaPyoreaKeltainenRGB-1-1024x1024.png 1024w, https:\/\/leenakurikka.fi\/wp-content\/uploads\/2023\/02\/PelastaPyoreaKeltainenRGB-1-300x300.png 300w, https:\/\/leenakurikka.fi\/wp-content\/uploads\/2023\/02\/PelastaPyoreaKeltainenRGB-1-150x150.png 150w, https:\/\/leenakurikka.fi\/wp-content\/uploads\/2023\/02\/PelastaPyoreaKeltainenRGB-1-768x768.png 768w, https:\/\/leenakurikka.fi\/wp-content\/uploads\/2023\/02\/PelastaPyoreaKeltainenRGB-1.png 1191w\" sizes=\"auto, (max-width: 1024px) 100vw, 1024px\" \/><\/figure>\n<\/div>\n<\/div><\/div>\n\n\n\n<p>Olen Leena Kurikka, koulutukseltani toimittaja, minut tunnetaan my\u00f6s hevoskuiskaajana. Maatalousyritt\u00e4jyyskin on minulle tuttua. Olen aktiivinen ja yhteisty\u00f6kykyinen nainen, joka haluaa tehd\u00e4 asiat toisia kunnioittaen ja rakentavasti, ei repien. Yhdess\u00e4 voimme rakentaa parempaa Suomea. T\u00e4ss\u00e4 ajatuksiani.<\/p>\n\n\n\n<p>L\u00e4hes jokainen haluaa el\u00e4\u00e4 hyv\u00e4\u00e4, turvallista arkea. Se tarkoittaa kotia, ty\u00f6- tai koulutuspaikkaa, palkan tai el\u00e4kkeen tuomaa taloudellista turvaa, monipuolista ruokaa, mahdollisuutta hoitaa itse omat asiansa, liikuntamahdollisuuksia, kulttuurikokemuksia ja sosiaalista el\u00e4m\u00e4\u00e4. Se tarkoittaa my\u00f6s sit\u00e4, ett\u00e4 l\u00e4\u00e4k\u00e4riin p\u00e4\u00e4see silloin, kun tarvitsee ja sinne p\u00e4\u00e4see kulkemaan maaseudultakin. Palveluita pit\u00e4\u00e4 saada muutenkin kuin digitaalisesti.<\/p>\n\n\n\n<p>Turvalliseen el\u00e4m\u00e4\u00e4n kuuluvat sanan- ja uskonnonvapaus, my\u00f6s meille, ei vain t\u00e4nne muualta muuttaneille. Suomi on kristillinen maa, kristillisyys saa n\u00e4ky\u00e4 el\u00e4m\u00e4ss\u00e4 ja kouluissa. Jouluevankeliumin tai suvivirren kuuntelu ei vahingoita ket\u00e4\u00e4n. Globaalit yhti\u00f6t ostavat pala palalta Suomea. Tuulivoimaloiden ja kaivosten hy\u00f6dyt menev\u00e4t ulkomaille, haitat j\u00e4\u00e4v\u00e4t t\u00e4nne. Suomea ei puolusta muut kuin suomalaiset.<\/p>\n\n\n\n<p>Pidet\u00e4\u00e4n Suomen ja suomalaisten puolta!<\/p>\n","protected":false},"excerpt":{"rendered":"<p>Olen Leena Kurikka, koulutukseltani toimittaja, minut tunnetaan my\u00f6s hevoskuiskaajana. Maatalousyritt\u00e4jyyskin on minulle tuttua. Olen aktiivinen ja yhteisty\u00f6kykyinen nainen, joka haluaa tehd\u00e4 asiat toisia kunnioittaen ja rakentavasti, ei repien. Yhdess\u00e4 voimme rakentaa parempaa Suomea. T\u00e4ss\u00e4 ajatuksiani. L\u00e4hes jokainen haluaa el\u00e4\u00e4 hyv\u00e4\u00e4, turvallista arkea. Se tarkoittaa kotia, ty\u00f6- tai koulutuspaikkaa, palkan tai el\u00e4kkeen tuomaa taloudellista turvaa, monipuolista &hellip;<\/p>\n<p class=\"read-more\"> <a class=\"\" href=\"https:\/\/leenakurikka.fi\/\"> <span class=\"screen-reader-text\">Leena Kurikka<\/span> Lue lis\u00e4\u00e4 &raquo;<\/a><\/p>\n","protected":false},"author":1,"featured_media":0,"parent":0,"menu_order":0,"comment_status":"closed","ping_status":"closed","template":"","meta":{"_uag_custom_page_level_css":"","site-sidebar-layout":"default","site-content-layout":"default","ast-global-header-display":"","ast-main-header-display":"","ast-hfb-above-header-display":"","ast-hfb-below-header-display":"","ast-hfb-mobile-header-display":"","site-post-title":"disabled","ast-breadcrumbs-content":"","ast-featured-img":"","footer-sml-layout":"","theme-transparent-header-meta":"","adv-header-id-meta":"","stick-header-meta":"","header-above-stick-meta":"","header-main-stick-meta":"","header-below-stick-meta":"","footnotes":""},"class_list":["post-1558","page","type-page","status-publish","hentry"],"uagb_featured_image_src":{"full":false,"thumbnail":false,"medium":false,"medium_large":false,"large":false,"1536x1536":false,"2048x2048":false},"uagb_author_info":{"display_name":"admin","author_link":"https:\/\/leenakurikka.fi\/index.php\/author\/leenakurikka\/"},"uagb_comment_info":0,"uagb_excerpt":"Olen Leena Kurikka, koulutukseltani toimittaja, minut tunnetaan my\u00f6s hevoskuiskaajana. Maatalousyritt\u00e4jyyskin on minulle tuttua. Olen aktiivinen ja yhteisty\u00f6kykyinen nainen, joka haluaa tehd\u00e4 asiat toisia kunnioittaen ja rakentavasti, ei repien. Yhdess\u00e4 voimme rakentaa parempaa Suomea. T\u00e4ss\u00e4 ajatuksiani. L\u00e4hes jokainen haluaa el\u00e4\u00e4 hyv\u00e4\u00e4, turvallista arkea. Se tarkoittaa kotia, ty\u00f6- tai koulutuspaikkaa, palkan tai el\u00e4kkeen tuomaa taloudellista turvaa, monipuolista&hellip;","_links":{"self":[{"href":"https:\/\/leenakurikka.fi\/index.php\/wp-json\/wp\/v2\/pages\/1558","targetHints":{"allow":["GET"]}}],"collection":[{"href":"https:\/\/leenakurikka.fi\/index.php\/wp-json\/wp\/v2\/pages"}],"about":[{"href":"https:\/\/leenakurikka.fi\/index.php\/wp-json\/wp\/v2\/types\/page"}],"author":[{"embeddable":true,"href":"https:\/\/leenakurikka.fi\/index.php\/wp-json\/wp\/v2\/users\/1"}],"replies":[{"embeddable":true,"href":"https:\/\/leenakurikka.fi\/index.php\/wp-json\/wp\/v2\/comments?post=1558"}],"version-history":[{"count":11,"href":"https:\/\/leenakurikka.fi\/index.php\/wp-json\/wp\/v2\/pages\/1558\/revisions"}],"predecessor-version":[{"id":1659,"href":"https:\/\/leenakurikka.fi\/index.php\/wp-json\/wp\/v2\/pages\/1558\/revisions\/1659"}],"wp:attachment":[{"href":"https:\/\/leenakurikka.fi\/index.php\/wp-json\/wp\/v2\/media?parent=1558"}],"curies":[{"name":"wp","href":"https:\/\/api.w.org\/{rel}","templated":true}]}}